{"id":753,"date":"2020-12-16T17:04:30","date_gmt":"2020-12-16T16:04:30","guid":{"rendered":"https:\/\/reyesyes.com\/?page_id=753"},"modified":"2020-12-20T19:49:47","modified_gmt":"2020-12-20T18:49:47","slug":"the-last-five-years","status":"publish","type":"page","link":"https:\/\/reyesyes.com\/es\/theatre\/the-last-five-years\/","title":{"rendered":"THE LAST FIVE YEARS"},"content":{"rendered":"<p><div class='gallery-wrapper'><div class='loading-wrapper'><div class='sk-folding-cube'><div class='sk-cube1 sk-cube'><\/div><div class='sk-cube2 sk-cube'><\/div><div class='sk-cube4 sk-cube'><\/div><div class='sk-cube3 sk-cube'><\/div><\/div><\/div><div id='gallery-2' title='' class='gallery galleryid-753 gallery-columns-3 gallery-size-landscape-600x375 featherlight-gallery'><figure class='gallery-item with-caption' title='&copy; Staatstheater Darmstadt' style='background-image:url(https:\/\/reyesyes.com\/wp-content\/uploads\/2020\/12\/staatstheater-darmstadt-8.jpg);'><script>topreloadImagesUrls.push('https:\/\/reyesyes.com\/wp-content\/uploads\/2020\/12\/staatstheater-darmstadt-8.jpg');<\/script>\n<div class='img-container'><a href='https:\/\/reyesyes.com\/wp-content\/uploads\/2020\/12\/staatstheater-darmstadt-8.jpg'><img width=\"600\" height=\"375\" src=\"https:\/\/reyesyes.com\/wp-content\/uploads\/2020\/12\/staatstheater-darmstadt-8-600x375.jpg\" class=\"attachment-landscape-600x375 size-landscape-600x375\" alt=\"\" loading=\"lazy\" aria-describedby=\"gallery-2-751\" \/><\/a><\/div><figcaption class='wp-caption-text gallery-caption' id='gallery-2-751'><span class='gallery-caption-title'>&copy; Staatstheater Darmstadt<\/span><\/figcaption><\/figure><figure class='gallery-item with-caption' title='&copy; Staatstheater Darmstadt' style='background-image:url(https:\/\/reyesyes.com\/wp-content\/uploads\/2020\/12\/staatstheater-darmstadt-7.jpg);'><script>topreloadImagesUrls.push('https:\/\/reyesyes.com\/wp-content\/uploads\/2020\/12\/staatstheater-darmstadt-7.jpg');<\/script>\n<div class='img-container'><a href='https:\/\/reyesyes.com\/wp-content\/uploads\/2020\/12\/staatstheater-darmstadt-7.jpg'><img width=\"600\" height=\"375\" src=\"https:\/\/reyesyes.com\/wp-content\/uploads\/2020\/12\/staatstheater-darmstadt-7-600x375.jpg\" class=\"attachment-landscape-600x375 size-landscape-600x375\" alt=\"\" loading=\"lazy\" aria-describedby=\"gallery-2-750\" \/><\/a><\/div><figcaption class='wp-caption-text gallery-caption' id='gallery-2-750'><span class='gallery-caption-title'>&copy; Staatstheater Darmstadt<\/span><\/figcaption><\/figure><figure class='gallery-item with-caption' title='&copy; Staatstheater Darmstadt' style='background-image:url(https:\/\/reyesyes.com\/wp-content\/uploads\/2020\/12\/staatstheater-darmstadt-6.jpg);'><script>topreloadImagesUrls.push('https:\/\/reyesyes.com\/wp-content\/uploads\/2020\/12\/staatstheater-darmstadt-6.jpg');<\/script>\n<div class='img-container'><a href='https:\/\/reyesyes.com\/wp-content\/uploads\/2020\/12\/staatstheater-darmstadt-6.jpg'><img width=\"600\" height=\"375\" src=\"https:\/\/reyesyes.com\/wp-content\/uploads\/2020\/12\/staatstheater-darmstadt-6-600x375.jpg\" class=\"attachment-landscape-600x375 size-landscape-600x375\" alt=\"\" loading=\"lazy\" aria-describedby=\"gallery-2-749\" \/><\/a><\/div><figcaption class='wp-caption-text gallery-caption' id='gallery-2-749'><span class='gallery-caption-title'>&copy; Staatstheater Darmstadt<\/span><\/figcaption><\/figure><figure class='gallery-item with-caption' title='&copy; Staatstheater Darmstadt' style='background-image:url(https:\/\/reyesyes.com\/wp-content\/uploads\/2020\/12\/staatstheater-darmstadt-5.jpg);'><script>topreloadImagesUrls.push('https:\/\/reyesyes.com\/wp-content\/uploads\/2020\/12\/staatstheater-darmstadt-5.jpg');<\/script>\n<div class='img-container'><a href='https:\/\/reyesyes.com\/wp-content\/uploads\/2020\/12\/staatstheater-darmstadt-5.jpg'><img width=\"600\" height=\"375\" src=\"https:\/\/reyesyes.com\/wp-content\/uploads\/2020\/12\/staatstheater-darmstadt-5-600x375.jpg\" class=\"attachment-landscape-600x375 size-landscape-600x375\" alt=\"\" loading=\"lazy\" aria-describedby=\"gallery-2-748\" \/><\/a><\/div><figcaption class='wp-caption-text gallery-caption' id='gallery-2-748'><span class='gallery-caption-title'>&copy; Staatstheater Darmstadt<\/span><\/figcaption><\/figure><figure class='gallery-item with-caption' title='&copy; Staatstheater Darmstadt' style='background-image:url(https:\/\/reyesyes.com\/wp-content\/uploads\/2020\/12\/staatstheater-darmstadt-4.jpg);'><script>topreloadImagesUrls.push('https:\/\/reyesyes.com\/wp-content\/uploads\/2020\/12\/staatstheater-darmstadt-4.jpg');<\/script>\n<div class='img-container'><a href='https:\/\/reyesyes.com\/wp-content\/uploads\/2020\/12\/staatstheater-darmstadt-4.jpg'><img width=\"600\" height=\"375\" src=\"https:\/\/reyesyes.com\/wp-content\/uploads\/2020\/12\/staatstheater-darmstadt-4-600x375.jpg\" class=\"attachment-landscape-600x375 size-landscape-600x375\" alt=\"\" loading=\"lazy\" aria-describedby=\"gallery-2-747\" \/><\/a><\/div><figcaption class='wp-caption-text gallery-caption' id='gallery-2-747'><span class='gallery-caption-title'>&copy; Staatstheater Darmstadt<\/span><\/figcaption><\/figure><figure class='gallery-item with-caption' title='&copy; Staatstheater Darmstadt' style='background-image:url(https:\/\/reyesyes.com\/wp-content\/uploads\/2020\/12\/staatstheater-darmstadt-3.jpg);'><script>topreloadImagesUrls.push('https:\/\/reyesyes.com\/wp-content\/uploads\/2020\/12\/staatstheater-darmstadt-3.jpg');<\/script>\n<div class='img-container'><a href='https:\/\/reyesyes.com\/wp-content\/uploads\/2020\/12\/staatstheater-darmstadt-3.jpg'><img width=\"600\" height=\"375\" src=\"https:\/\/reyesyes.com\/wp-content\/uploads\/2020\/12\/staatstheater-darmstadt-3-600x375.jpg\" class=\"attachment-landscape-600x375 size-landscape-600x375\" alt=\"\" loading=\"lazy\" aria-describedby=\"gallery-2-746\" \/><\/a><\/div><figcaption class='wp-caption-text gallery-caption' id='gallery-2-746'><span class='gallery-caption-title'>&copy; Staatstheater Darmstadt<\/span><\/figcaption><\/figure><figure class='gallery-item with-caption' title='&copy; Staatstheater Darmstadt' style='background-image:url(https:\/\/reyesyes.com\/wp-content\/uploads\/2020\/12\/staatstheater-darmstadt-2.jpg);'><script>topreloadImagesUrls.push('https:\/\/reyesyes.com\/wp-content\/uploads\/2020\/12\/staatstheater-darmstadt-2.jpg');<\/script>\n<div class='img-container'><a href='https:\/\/reyesyes.com\/wp-content\/uploads\/2020\/12\/staatstheater-darmstadt-2.jpg'><img width=\"600\" height=\"375\" src=\"https:\/\/reyesyes.com\/wp-content\/uploads\/2020\/12\/staatstheater-darmstadt-2-600x375.jpg\" class=\"attachment-landscape-600x375 size-landscape-600x375\" alt=\"\" loading=\"lazy\" aria-describedby=\"gallery-2-745\" \/><\/a><\/div><figcaption class='wp-caption-text gallery-caption' id='gallery-2-745'><span class='gallery-caption-title'>&copy; Staatstheater Darmstadt<\/span><\/figcaption><\/figure><figure class='gallery-item with-caption' title='&copy; Staatstheater Darmstadt' style='background-image:url(https:\/\/reyesyes.com\/wp-content\/uploads\/2020\/12\/staatstheater-darmstadt-1.jpg);'><script>topreloadImagesUrls.push('https:\/\/reyesyes.com\/wp-content\/uploads\/2020\/12\/staatstheater-darmstadt-1.jpg');<\/script>\n<div class='img-container'><a href='https:\/\/reyesyes.com\/wp-content\/uploads\/2020\/12\/staatstheater-darmstadt-1.jpg'><img width=\"600\" height=\"375\" src=\"https:\/\/reyesyes.com\/wp-content\/uploads\/2020\/12\/staatstheater-darmstadt-1-600x375.jpg\" class=\"attachment-landscape-600x375 size-landscape-600x375\" alt=\"\" loading=\"lazy\" aria-describedby=\"gallery-2-744\" \/><\/a><\/div><figcaption class='wp-caption-text gallery-caption' id='gallery-2-744'><span class='gallery-caption-title'>&copy; Staatstheater Darmstadt<\/span><\/figcaption><\/figure><figure class='gallery-item with-caption' title='&copy; Grigory Shklyar' style='background-image:url(https:\/\/reyesyes.com\/wp-content\/uploads\/2020\/12\/grigory-shklyar4-scaled.jpg);'><script>topreloadImagesUrls.push('https:\/\/reyesyes.com\/wp-content\/uploads\/2020\/12\/grigory-shklyar4-scaled.jpg');<\/script>\n<div class='img-container'><a href='https:\/\/reyesyes.com\/wp-content\/uploads\/2020\/12\/grigory-shklyar4-scaled.jpg'><img width=\"600\" height=\"375\" src=\"https:\/\/reyesyes.com\/wp-content\/uploads\/2020\/12\/grigory-shklyar4-600x375.jpg\" class=\"attachment-landscape-600x375 size-landscape-600x375\" alt=\"\" loading=\"lazy\" aria-describedby=\"gallery-2-743\" \/><\/a><\/div><figcaption class='wp-caption-text gallery-caption' id='gallery-2-743'><span class='gallery-caption-title'>&copy; Grigory Shklyar<\/span><\/figcaption><\/figure><figure class='gallery-item with-caption' title='&copy; Grigory Shklyar' style='background-image:url(https:\/\/reyesyes.com\/wp-content\/uploads\/2020\/12\/grigory-shklyar3-scaled.jpg);'><script>topreloadImagesUrls.push('https:\/\/reyesyes.com\/wp-content\/uploads\/2020\/12\/grigory-shklyar3-scaled.jpg');<\/script>\n<div class='img-container'><a href='https:\/\/reyesyes.com\/wp-content\/uploads\/2020\/12\/grigory-shklyar3-scaled.jpg'><img width=\"600\" height=\"375\" src=\"https:\/\/reyesyes.com\/wp-content\/uploads\/2020\/12\/grigory-shklyar3-600x375.jpg\" class=\"attachment-landscape-600x375 size-landscape-600x375\" alt=\"\" loading=\"lazy\" aria-describedby=\"gallery-2-742\" \/><\/a><\/div><figcaption class='wp-caption-text gallery-caption' id='gallery-2-742'><span class='gallery-caption-title'>&copy; Grigory Shklyar<\/span><\/figcaption><\/figure><figure class='gallery-item with-caption' title='&copy; Grigory Shklyar' style='background-image:url(https:\/\/reyesyes.com\/wp-content\/uploads\/2020\/12\/grigory-shklyar2-scaled.jpg);'><script>topreloadImagesUrls.push('https:\/\/reyesyes.com\/wp-content\/uploads\/2020\/12\/grigory-shklyar2-scaled.jpg');<\/script>\n<div class='img-container'><a href='https:\/\/reyesyes.com\/wp-content\/uploads\/2020\/12\/grigory-shklyar2-scaled.jpg'><img width=\"600\" height=\"375\" src=\"https:\/\/reyesyes.com\/wp-content\/uploads\/2020\/12\/grigory-shklyar2-600x375.jpg\" class=\"attachment-landscape-600x375 size-landscape-600x375\" alt=\"\" loading=\"lazy\" aria-describedby=\"gallery-2-741\" \/><\/a><\/div><figcaption class='wp-caption-text gallery-caption' id='gallery-2-741'><span class='gallery-caption-title'>&copy; Grigory Shklyar<\/span><\/figcaption><\/figure><figure class='gallery-item with-caption' title='&copy; Grigory Shklyar' style='background-image:url(https:\/\/reyesyes.com\/wp-content\/uploads\/2020\/12\/grigory-shklyar1-scaled.jpg);'><script>topreloadImagesUrls.push('https:\/\/reyesyes.com\/wp-content\/uploads\/2020\/12\/grigory-shklyar1-scaled.jpg');<\/script>\n<div class='img-container'><a href='https:\/\/reyesyes.com\/wp-content\/uploads\/2020\/12\/grigory-shklyar1-scaled.jpg'><img width=\"600\" height=\"375\" src=\"https:\/\/reyesyes.com\/wp-content\/uploads\/2020\/12\/grigory-shklyar1-600x375.jpg\" class=\"attachment-landscape-600x375 size-landscape-600x375\" alt=\"\" loading=\"lazy\" aria-describedby=\"gallery-2-740\" \/><\/a><\/div><figcaption class='wp-caption-text gallery-caption' id='gallery-2-740'><span class='gallery-caption-title'>&copy; Grigory Shklyar<\/span><\/figcaption><\/figure>\n\t\t<\/div><\/div>\n<\/p>\n<p><\/p>","protected":false},"excerpt":{"rendered":"<p>ESCENOGRAF\u00cdA:  MAR\u00cdA REYES P\u00c9REZ<\/p>\n<p>VESTUARIO:  JOSE LUNA<\/p>\n<p>Estreno en 25. septiembre2020<\/p>\n","protected":false},"author":2,"featured_media":743,"parent":7,"menu_order":16,"comment_status":"closed","ping_status":"closed","template":"single-project-page.php","meta":[],"_links":{"self":[{"href":"https:\/\/reyesyes.com\/es\/wp-json\/wp\/v2\/pages\/753"}],"collection":[{"href":"https:\/\/reyesyes.com\/es\/wp-json\/wp\/v2\/pages"}],"about":[{"href":"https:\/\/reyesyes.com\/es\/wp-json\/wp\/v2\/types\/page"}],"author":[{"embeddable":true,"href":"https:\/\/reyesyes.com\/es\/wp-json\/wp\/v2\/users\/2"}],"replies":[{"embeddable":true,"href":"https:\/\/reyesyes.com\/es\/wp-json\/wp\/v2\/comments?post=753"}],"version-history":[{"count":24,"href":"https:\/\/reyesyes.com\/es\/wp-json\/wp\/v2\/pages\/753\/revisions"}],"predecessor-version":[{"id":850,"href":"https:\/\/reyesyes.com\/es\/wp-json\/wp\/v2\/pages\/753\/revisions\/850"}],"up":[{"embeddable":true,"href":"https:\/\/reyesyes.com\/es\/wp-json\/wp\/v2\/pages\/7"}],"wp:featuredmedia":[{"embeddable":true,"href":"https:\/\/reyesyes.com\/es\/wp-json\/wp\/v2\/media\/743"}],"wp:attachment":[{"href":"https:\/\/reyesyes.com\/es\/wp-json\/wp\/v2\/media?parent=753"}],"curies":[{"name":"wp","href":"https:\/\/api.w.org\/{rel}","templated":true}]}}