{"id":715,"date":"2020-12-18T18:24:26","date_gmt":"2020-12-18T17:24:26","guid":{"rendered":"https:\/\/reyesyes.com\/?page_id=715"},"modified":"2022-04-04T18:30:13","modified_gmt":"2022-04-04T17:30:13","slug":"bungalow","status":"publish","type":"page","link":"https:\/\/reyesyes.com\/es\/theatre\/bungalow\/","title":{"rendered":"BUNGALOW"},"content":{"rendered":"<p><div class='gallery-wrapper'><div class='loading-wrapper'><div class='sk-folding-cube'><div class='sk-cube1 sk-cube'><\/div><div class='sk-cube2 sk-cube'><\/div><div class='sk-cube4 sk-cube'><\/div><div class='sk-cube3 sk-cube'><\/div><\/div><\/div><div id='gallery-2' title='' class='gallery galleryid-715 gallery-columns-3 gallery-size-landscape-600x375 featherlight-gallery'><figure class='gallery-item with-caption' title='&copy; Thomas Rabsch' style='background-image:url(https:\/\/reyesyes.com\/wp-content\/uploads\/2020\/12\/bungalow_2_thomasrabsch_2019__9202545.jpg);'><script>topreloadImagesUrls.push('https:\/\/reyesyes.com\/wp-content\/uploads\/2020\/12\/bungalow_2_thomasrabsch_2019__9202545.jpg');<\/script>\n<div class='img-container'><a href='https:\/\/reyesyes.com\/wp-content\/uploads\/2020\/12\/bungalow_2_thomasrabsch_2019__9202545.jpg'><img width=\"600\" height=\"375\" src=\"https:\/\/reyesyes.com\/wp-content\/uploads\/2020\/12\/bungalow_2_thomasrabsch_2019__9202545-600x375.jpg\" class=\"attachment-landscape-600x375 size-landscape-600x375\" alt=\"\" loading=\"lazy\" aria-describedby=\"gallery-2-734\" \/><\/a><\/div><figcaption class='wp-caption-text gallery-caption' id='gallery-2-734'><span class='gallery-caption-title'>&copy; Thomas Rabsch<\/span><\/figcaption><\/figure><figure class='gallery-item with-caption' title='&copy; Thomas Rabsch' style='background-image:url(https:\/\/reyesyes.com\/wp-content\/uploads\/2020\/12\/bungalow_2_thomasrabsch_2019__9202449.jpg);'><script>topreloadImagesUrls.push('https:\/\/reyesyes.com\/wp-content\/uploads\/2020\/12\/bungalow_2_thomasrabsch_2019__9202449.jpg');<\/script>\n<div class='img-container'><a href='https:\/\/reyesyes.com\/wp-content\/uploads\/2020\/12\/bungalow_2_thomasrabsch_2019__9202449.jpg'><img width=\"600\" height=\"375\" src=\"https:\/\/reyesyes.com\/wp-content\/uploads\/2020\/12\/bungalow_2_thomasrabsch_2019__9202449-600x375.jpg\" class=\"attachment-landscape-600x375 size-landscape-600x375\" alt=\"\" loading=\"lazy\" aria-describedby=\"gallery-2-733\" \/><\/a><\/div><figcaption class='wp-caption-text gallery-caption' id='gallery-2-733'><span class='gallery-caption-title'>&copy; Thomas Rabsch<\/span><\/figcaption><\/figure><figure class='gallery-item with-caption' title='&copy; Thomas Rabsch' style='background-image:url(https:\/\/reyesyes.com\/wp-content\/uploads\/2020\/12\/bungalow_2_thomasrabsch_2019__9202104.jpg);'><script>topreloadImagesUrls.push('https:\/\/reyesyes.com\/wp-content\/uploads\/2020\/12\/bungalow_2_thomasrabsch_2019__9202104.jpg');<\/script>\n<div class='img-container'><a href='https:\/\/reyesyes.com\/wp-content\/uploads\/2020\/12\/bungalow_2_thomasrabsch_2019__9202104.jpg'><img width=\"600\" height=\"375\" src=\"https:\/\/reyesyes.com\/wp-content\/uploads\/2020\/12\/bungalow_2_thomasrabsch_2019__9202104-600x375.jpg\" class=\"attachment-landscape-600x375 size-landscape-600x375\" alt=\"\" loading=\"lazy\" aria-describedby=\"gallery-2-732\" \/><\/a><\/div><figcaption class='wp-caption-text gallery-caption' id='gallery-2-732'><span class='gallery-caption-title'>&copy; Thomas Rabsch<\/span><\/figcaption><\/figure><figure class='gallery-item with-caption' title='&copy; Thomas Rabsch' style='background-image:url(https:\/\/reyesyes.com\/wp-content\/uploads\/2020\/12\/bungalow_2_thomasrabsch_2019__9202025.jpg);'><script>topreloadImagesUrls.push('https:\/\/reyesyes.com\/wp-content\/uploads\/2020\/12\/bungalow_2_thomasrabsch_2019__9202025.jpg');<\/script>\n<div class='img-container'><a href='https:\/\/reyesyes.com\/wp-content\/uploads\/2020\/12\/bungalow_2_thomasrabsch_2019__9202025.jpg'><img width=\"600\" height=\"375\" src=\"https:\/\/reyesyes.com\/wp-content\/uploads\/2020\/12\/bungalow_2_thomasrabsch_2019__9202025-600x375.jpg\" class=\"attachment-landscape-600x375 size-landscape-600x375\" alt=\"\" loading=\"lazy\" aria-describedby=\"gallery-2-731\" \/><\/a><\/div><figcaption class='wp-caption-text gallery-caption' id='gallery-2-731'><span class='gallery-caption-title'>&copy; Thomas Rabsch<\/span><\/figcaption><\/figure><figure class='gallery-item with-caption' title='&copy; Thomas Rabsch' style='background-image:url(https:\/\/reyesyes.com\/wp-content\/uploads\/2020\/12\/bungalow_2_thomasrabsch_2019__9201946.jpg);'><script>topreloadImagesUrls.push('https:\/\/reyesyes.com\/wp-content\/uploads\/2020\/12\/bungalow_2_thomasrabsch_2019__9201946.jpg');<\/script>\n<div class='img-container'><a href='https:\/\/reyesyes.com\/wp-content\/uploads\/2020\/12\/bungalow_2_thomasrabsch_2019__9201946.jpg'><img width=\"600\" height=\"375\" src=\"https:\/\/reyesyes.com\/wp-content\/uploads\/2020\/12\/bungalow_2_thomasrabsch_2019__9201946-600x375.jpg\" class=\"attachment-landscape-600x375 size-landscape-600x375\" alt=\"\" loading=\"lazy\" aria-describedby=\"gallery-2-730\" \/><\/a><\/div><figcaption class='wp-caption-text gallery-caption' id='gallery-2-730'><span class='gallery-caption-title'>&copy; Thomas Rabsch<\/span><\/figcaption><\/figure><figure class='gallery-item with-caption' title='&copy; Thomas Rabsch' style='background-image:url(https:\/\/reyesyes.com\/wp-content\/uploads\/2020\/12\/bungalow_2_thomasrabsch_2019__1209001.jpg);'><script>topreloadImagesUrls.push('https:\/\/reyesyes.com\/wp-content\/uploads\/2020\/12\/bungalow_2_thomasrabsch_2019__1209001.jpg');<\/script>\n<div class='img-container'><a href='https:\/\/reyesyes.com\/wp-content\/uploads\/2020\/12\/bungalow_2_thomasrabsch_2019__1209001.jpg'><img width=\"600\" height=\"375\" src=\"https:\/\/reyesyes.com\/wp-content\/uploads\/2020\/12\/bungalow_2_thomasrabsch_2019__1209001-600x375.jpg\" class=\"attachment-landscape-600x375 size-landscape-600x375\" alt=\"\" loading=\"lazy\" aria-describedby=\"gallery-2-729\" \/><\/a><\/div><figcaption class='wp-caption-text gallery-caption' id='gallery-2-729'><span class='gallery-caption-title'>&copy; Thomas Rabsch<\/span><\/figcaption><\/figure><figure class='gallery-item with-caption' title='&copy; Thomas Rabsch' style='background-image:url(https:\/\/reyesyes.com\/wp-content\/uploads\/2020\/12\/bungalow_1_thomasrabsch_2019__9119934.jpg);'><script>topreloadImagesUrls.push('https:\/\/reyesyes.com\/wp-content\/uploads\/2020\/12\/bungalow_1_thomasrabsch_2019__9119934.jpg');<\/script>\n<div class='img-container'><a href='https:\/\/reyesyes.com\/wp-content\/uploads\/2020\/12\/bungalow_1_thomasrabsch_2019__9119934.jpg'><img width=\"600\" height=\"375\" src=\"https:\/\/reyesyes.com\/wp-content\/uploads\/2020\/12\/bungalow_1_thomasrabsch_2019__9119934-600x375.jpg\" class=\"attachment-landscape-600x375 size-landscape-600x375\" alt=\"\" loading=\"lazy\" aria-describedby=\"gallery-2-728\" \/><\/a><\/div><figcaption class='wp-caption-text gallery-caption' id='gallery-2-728'><span class='gallery-caption-title'>&copy; Thomas Rabsch<\/span><\/figcaption><\/figure><figure class='gallery-item with-caption' title='&copy; Thomas Rabsch' style='background-image:url(https:\/\/reyesyes.com\/wp-content\/uploads\/2020\/12\/bungalow_1_thomasrabsch_2019__9119867.jpg);'><script>topreloadImagesUrls.push('https:\/\/reyesyes.com\/wp-content\/uploads\/2020\/12\/bungalow_1_thomasrabsch_2019__9119867.jpg');<\/script>\n<div class='img-container'><a href='https:\/\/reyesyes.com\/wp-content\/uploads\/2020\/12\/bungalow_1_thomasrabsch_2019__9119867.jpg'><img width=\"600\" height=\"375\" src=\"https:\/\/reyesyes.com\/wp-content\/uploads\/2020\/12\/bungalow_1_thomasrabsch_2019__9119867-600x375.jpg\" class=\"attachment-landscape-600x375 size-landscape-600x375\" alt=\"\" loading=\"lazy\" aria-describedby=\"gallery-2-727\" \/><\/a><\/div><figcaption class='wp-caption-text gallery-caption' id='gallery-2-727'><span class='gallery-caption-title'>&copy; Thomas Rabsch<\/span><\/figcaption><\/figure><figure class='gallery-item with-caption' title='&copy; Thomas Rabsch' style='background-image:url(https:\/\/reyesyes.com\/wp-content\/uploads\/2020\/12\/bungalow_1_thomasrabsch_2019__9118923.jpg);'><script>topreloadImagesUrls.push('https:\/\/reyesyes.com\/wp-content\/uploads\/2020\/12\/bungalow_1_thomasrabsch_2019__9118923.jpg');<\/script>\n<div class='img-container'><a href='https:\/\/reyesyes.com\/wp-content\/uploads\/2020\/12\/bungalow_1_thomasrabsch_2019__9118923.jpg'><img width=\"600\" height=\"375\" src=\"https:\/\/reyesyes.com\/wp-content\/uploads\/2020\/12\/bungalow_1_thomasrabsch_2019__9118923-600x375.jpg\" class=\"attachment-landscape-600x375 size-landscape-600x375\" alt=\"\" loading=\"lazy\" aria-describedby=\"gallery-2-726\" \/><\/a><\/div><figcaption class='wp-caption-text gallery-caption' id='gallery-2-726'><span class='gallery-caption-title'>&copy; Thomas Rabsch<\/span><\/figcaption><\/figure><figure class='gallery-item with-caption' title='&copy; Thomas Rabsch' style='background-image:url(https:\/\/reyesyes.com\/wp-content\/uploads\/2020\/12\/bungalow_1_thomasrabsch_2019__9117956_1.jpg);'><script>topreloadImagesUrls.push('https:\/\/reyesyes.com\/wp-content\/uploads\/2020\/12\/bungalow_1_thomasrabsch_2019__9117956_1.jpg');<\/script>\n<div class='img-container'><a href='https:\/\/reyesyes.com\/wp-content\/uploads\/2020\/12\/bungalow_1_thomasrabsch_2019__9117956_1.jpg'><img width=\"600\" height=\"375\" src=\"https:\/\/reyesyes.com\/wp-content\/uploads\/2020\/12\/bungalow_1_thomasrabsch_2019__9117956_1-600x375.jpg\" class=\"attachment-landscape-600x375 size-landscape-600x375\" alt=\"\" loading=\"lazy\" aria-describedby=\"gallery-2-725\" \/><\/a><\/div><figcaption class='wp-caption-text gallery-caption' id='gallery-2-725'><span class='gallery-caption-title'>&copy; Thomas Rabsch<\/span><\/figcaption><\/figure><figure class='gallery-item with-caption' title='&copy; Thomas Rabsch' style='background-image:url(https:\/\/reyesyes.com\/wp-content\/uploads\/2020\/12\/bungalow_1_thomasrabsch_2019__9117721.jpg);'><script>topreloadImagesUrls.push('https:\/\/reyesyes.com\/wp-content\/uploads\/2020\/12\/bungalow_1_thomasrabsch_2019__9117721.jpg');<\/script>\n<div class='img-container'><a href='https:\/\/reyesyes.com\/wp-content\/uploads\/2020\/12\/bungalow_1_thomasrabsch_2019__9117721.jpg'><img width=\"600\" height=\"375\" src=\"https:\/\/reyesyes.com\/wp-content\/uploads\/2020\/12\/bungalow_1_thomasrabsch_2019__9117721-600x375.jpg\" class=\"attachment-landscape-600x375 size-landscape-600x375\" alt=\"\" loading=\"lazy\" aria-describedby=\"gallery-2-724\" \/><\/a><\/div><figcaption class='wp-caption-text gallery-caption' id='gallery-2-724'><span class='gallery-caption-title'>&copy; Thomas Rabsch<\/span><\/figcaption><\/figure><figure class='gallery-item with-caption' title='&copy; Thomas Rabsch' style='background-image:url(https:\/\/reyesyes.com\/wp-content\/uploads\/2020\/12\/bungalow_1_thomasrabsch_2019__9117595.jpg);'><script>topreloadImagesUrls.push('https:\/\/reyesyes.com\/wp-content\/uploads\/2020\/12\/bungalow_1_thomasrabsch_2019__9117595.jpg');<\/script>\n<div class='img-container'><a href='https:\/\/reyesyes.com\/wp-content\/uploads\/2020\/12\/bungalow_1_thomasrabsch_2019__9117595.jpg'><img width=\"600\" height=\"375\" src=\"https:\/\/reyesyes.com\/wp-content\/uploads\/2020\/12\/bungalow_1_thomasrabsch_2019__9117595-600x375.jpg\" class=\"attachment-landscape-600x375 size-landscape-600x375\" alt=\"\" loading=\"lazy\" aria-describedby=\"gallery-2-723\" \/><\/a><\/div><figcaption class='wp-caption-text gallery-caption' id='gallery-2-723'><span class='gallery-caption-title'>&copy; Thomas Rabsch<\/span><\/figcaption><\/figure><figure class='gallery-item with-caption' title='&copy; Thomas Rabsch' style='background-image:url(https:\/\/reyesyes.com\/wp-content\/uploads\/2020\/12\/bungalow_1_thomasrabsch_2019__1118203.jpg);'><script>topreloadImagesUrls.push('https:\/\/reyesyes.com\/wp-content\/uploads\/2020\/12\/bungalow_1_thomasrabsch_2019__1118203.jpg');<\/script>\n<div class='img-container'><a href='https:\/\/reyesyes.com\/wp-content\/uploads\/2020\/12\/bungalow_1_thomasrabsch_2019__1118203.jpg'><img width=\"600\" height=\"375\" src=\"https:\/\/reyesyes.com\/wp-content\/uploads\/2020\/12\/bungalow_1_thomasrabsch_2019__1118203-600x375.jpg\" class=\"attachment-landscape-600x375 size-landscape-600x375\" alt=\"\" loading=\"lazy\" aria-describedby=\"gallery-2-722\" \/><\/a><\/div><figcaption class='wp-caption-text gallery-caption' id='gallery-2-722'><span class='gallery-caption-title'>&copy; Thomas Rabsch<\/span><\/figcaption><\/figure><figure class='gallery-item with-caption' title='&copy; Thomas Rabsch' style='background-image:url(https:\/\/reyesyes.com\/wp-content\/uploads\/2020\/12\/bungalow_1_thomasrabsch_2019__1118004.jpg);'><script>topreloadImagesUrls.push('https:\/\/reyesyes.com\/wp-content\/uploads\/2020\/12\/bungalow_1_thomasrabsch_2019__1118004.jpg');<\/script>\n<div class='img-container'><a href='https:\/\/reyesyes.com\/wp-content\/uploads\/2020\/12\/bungalow_1_thomasrabsch_2019__1118004.jpg'><img width=\"600\" height=\"375\" src=\"https:\/\/reyesyes.com\/wp-content\/uploads\/2020\/12\/bungalow_1_thomasrabsch_2019__1118004-600x375.jpg\" class=\"attachment-landscape-600x375 size-landscape-600x375\" alt=\"\" loading=\"lazy\" aria-describedby=\"gallery-2-721\" \/><\/a><\/div><figcaption class='wp-caption-text gallery-caption' id='gallery-2-721'><span class='gallery-caption-title'>&copy; Thomas Rabsch<\/span><\/figcaption><\/figure><figure class='gallery-item with-caption' title='&copy; Thomas Rabsch' style='background-image:url(https:\/\/reyesyes.com\/wp-content\/uploads\/2020\/12\/bungalow_1_thomasrabsch_2019__1117252.jpg);'><script>topreloadImagesUrls.push('https:\/\/reyesyes.com\/wp-content\/uploads\/2020\/12\/bungalow_1_thomasrabsch_2019__1117252.jpg');<\/script>\n<div class='img-container'><a href='https:\/\/reyesyes.com\/wp-content\/uploads\/2020\/12\/bungalow_1_thomasrabsch_2019__1117252.jpg'><img width=\"600\" height=\"375\" src=\"https:\/\/reyesyes.com\/wp-content\/uploads\/2020\/12\/bungalow_1_thomasrabsch_2019__1117252-600x375.jpg\" class=\"attachment-landscape-600x375 size-landscape-600x375\" alt=\"\" loading=\"lazy\" aria-describedby=\"gallery-2-720\" \/><\/a><\/div><figcaption class='wp-caption-text gallery-caption' id='gallery-2-720'><span class='gallery-caption-title'>&copy; Thomas Rabsch<\/span><\/figcaption><\/figure>\n\t\t<\/div><\/div>\n<\/p>","protected":false},"excerpt":{"rendered":"<p>ESCENOGRAF\u00cdA:  MAR\u00cdA REYES P\u00c9REZ &#038; SIMON SOLBERG<\/p>\n<p>VESTUARIO:  MAIKE STORF<\/p>\n<p>Estreno en  22. November 2019<\/p>\n","protected":false},"author":2,"featured_media":723,"parent":7,"menu_order":15,"comment_status":"closed","ping_status":"closed","template":"single-project-page.php","meta":[],"_links":{"self":[{"href":"https:\/\/reyesyes.com\/es\/wp-json\/wp\/v2\/pages\/715"}],"collection":[{"href":"https:\/\/reyesyes.com\/es\/wp-json\/wp\/v2\/pages"}],"about":[{"href":"https:\/\/reyesyes.com\/es\/wp-json\/wp\/v2\/types\/page"}],"author":[{"embeddable":true,"href":"https:\/\/reyesyes.com\/es\/wp-json\/wp\/v2\/users\/2"}],"replies":[{"embeddable":true,"href":"https:\/\/reyesyes.com\/es\/wp-json\/wp\/v2\/comments?post=715"}],"version-history":[{"count":14,"href":"https:\/\/reyesyes.com\/es\/wp-json\/wp\/v2\/pages\/715\/revisions"}],"predecessor-version":[{"id":849,"href":"https:\/\/reyesyes.com\/es\/wp-json\/wp\/v2\/pages\/715\/revisions\/849"}],"up":[{"embeddable":true,"href":"https:\/\/reyesyes.com\/es\/wp-json\/wp\/v2\/pages\/7"}],"wp:featuredmedia":[{"embeddable":true,"href":"https:\/\/reyesyes.com\/es\/wp-json\/wp\/v2\/media\/723"}],"wp:attachment":[{"href":"https:\/\/reyesyes.com\/es\/wp-json\/wp\/v2\/media?parent=715"}],"curies":[{"name":"wp","href":"https:\/\/api.w.org\/{rel}","templated":true}]}}