{"id":697,"date":"2020-12-16T11:05:47","date_gmt":"2020-12-16T10:05:47","guid":{"rendered":"https:\/\/reyesyes.com\/?page_id=697"},"modified":"2020-12-20T09:11:06","modified_gmt":"2020-12-20T08:11:06","slug":"schneiderlein","status":"publish","type":"page","link":"https:\/\/reyesyes.com\/es\/theatre\/schneiderlein\/","title":{"rendered":"Schneiderlein"},"content":{"rendered":"<p><div class='gallery-wrapper'><div class='loading-wrapper'><div class='sk-folding-cube'><div class='sk-cube1 sk-cube'><\/div><div class='sk-cube2 sk-cube'><\/div><div class='sk-cube4 sk-cube'><\/div><div class='sk-cube3 sk-cube'><\/div><\/div><\/div><div id='gallery-2' title='' class='gallery galleryid-697 gallery-columns-3 gallery-size-landscape-600x375 featherlight-gallery'><figure class='gallery-item with-caption' title='&copy; Silke Winkler' style='background-image:url(https:\/\/reyesyes.com\/wp-content\/uploads\/2020\/12\/silke-winkler10-scaled.jpg);'><script>topreloadImagesUrls.push('https:\/\/reyesyes.com\/wp-content\/uploads\/2020\/12\/silke-winkler10-scaled.jpg');<\/script>\n<div class='img-container'><a href='https:\/\/reyesyes.com\/wp-content\/uploads\/2020\/12\/silke-winkler10-scaled.jpg'><img width=\"600\" height=\"375\" src=\"https:\/\/reyesyes.com\/wp-content\/uploads\/2020\/12\/silke-winkler10-600x375.jpg\" class=\"attachment-landscape-600x375 size-landscape-600x375\" alt=\"\" loading=\"lazy\" aria-describedby=\"gallery-2-696\" \/><\/a><\/div><figcaption class='wp-caption-text gallery-caption' id='gallery-2-696'><span class='gallery-caption-title'>&copy; Silke Winkler<\/span><\/figcaption><\/figure><figure class='gallery-item with-caption' title='&copy; Silke Winkler' style='background-image:url(https:\/\/reyesyes.com\/wp-content\/uploads\/2020\/12\/silke-winkler9-scaled.jpg);'><script>topreloadImagesUrls.push('https:\/\/reyesyes.com\/wp-content\/uploads\/2020\/12\/silke-winkler9-scaled.jpg');<\/script>\n<div class='img-container'><a href='https:\/\/reyesyes.com\/wp-content\/uploads\/2020\/12\/silke-winkler9-scaled.jpg'><img width=\"600\" height=\"375\" src=\"https:\/\/reyesyes.com\/wp-content\/uploads\/2020\/12\/silke-winkler9-600x375.jpg\" class=\"attachment-landscape-600x375 size-landscape-600x375\" alt=\"\" loading=\"lazy\" aria-describedby=\"gallery-2-695\" \/><\/a><\/div><figcaption class='wp-caption-text gallery-caption' id='gallery-2-695'><span class='gallery-caption-title'>&copy; Silke Winkler<\/span><\/figcaption><\/figure><figure class='gallery-item with-caption' title='&copy; Silke Winkler' style='background-image:url(https:\/\/reyesyes.com\/wp-content\/uploads\/2020\/12\/silke-winkler8-scaled.jpg);'><script>topreloadImagesUrls.push('https:\/\/reyesyes.com\/wp-content\/uploads\/2020\/12\/silke-winkler8-scaled.jpg');<\/script>\n<div class='img-container'><a href='https:\/\/reyesyes.com\/wp-content\/uploads\/2020\/12\/silke-winkler8-scaled.jpg'><img width=\"600\" height=\"375\" src=\"https:\/\/reyesyes.com\/wp-content\/uploads\/2020\/12\/silke-winkler8-600x375.jpg\" class=\"attachment-landscape-600x375 size-landscape-600x375\" alt=\"\" loading=\"lazy\" aria-describedby=\"gallery-2-694\" \/><\/a><\/div><figcaption class='wp-caption-text gallery-caption' id='gallery-2-694'><span class='gallery-caption-title'>&copy; Silke Winkler<\/span><\/figcaption><\/figure><figure class='gallery-item with-caption' title='&copy; Silke Winkler' style='background-image:url(https:\/\/reyesyes.com\/wp-content\/uploads\/2020\/12\/silke-winkler7-scaled.jpg);'><script>topreloadImagesUrls.push('https:\/\/reyesyes.com\/wp-content\/uploads\/2020\/12\/silke-winkler7-scaled.jpg');<\/script>\n<div class='img-container'><a href='https:\/\/reyesyes.com\/wp-content\/uploads\/2020\/12\/silke-winkler7-scaled.jpg'><img width=\"600\" height=\"375\" src=\"https:\/\/reyesyes.com\/wp-content\/uploads\/2020\/12\/silke-winkler7-600x375.jpg\" class=\"attachment-landscape-600x375 size-landscape-600x375\" alt=\"\" loading=\"lazy\" aria-describedby=\"gallery-2-693\" \/><\/a><\/div><figcaption class='wp-caption-text gallery-caption' id='gallery-2-693'><span class='gallery-caption-title'>&copy; Silke Winkler<\/span><\/figcaption><\/figure><figure class='gallery-item with-caption' title='&copy; Silke Winkler' style='background-image:url(https:\/\/reyesyes.com\/wp-content\/uploads\/2020\/12\/silke-winkler6-scaled.jpg);'><script>topreloadImagesUrls.push('https:\/\/reyesyes.com\/wp-content\/uploads\/2020\/12\/silke-winkler6-scaled.jpg');<\/script>\n<div class='img-container'><a href='https:\/\/reyesyes.com\/wp-content\/uploads\/2020\/12\/silke-winkler6-scaled.jpg'><img width=\"600\" height=\"375\" src=\"https:\/\/reyesyes.com\/wp-content\/uploads\/2020\/12\/silke-winkler6-600x375.jpg\" class=\"attachment-landscape-600x375 size-landscape-600x375\" alt=\"\" loading=\"lazy\" aria-describedby=\"gallery-2-692\" \/><\/a><\/div><figcaption class='wp-caption-text gallery-caption' id='gallery-2-692'><span class='gallery-caption-title'>&copy; Silke Winkler<\/span><\/figcaption><\/figure><figure class='gallery-item with-caption' title='&copy; Silke Winkler' style='background-image:url(https:\/\/reyesyes.com\/wp-content\/uploads\/2020\/12\/silke-winkler5-scaled.jpg);'><script>topreloadImagesUrls.push('https:\/\/reyesyes.com\/wp-content\/uploads\/2020\/12\/silke-winkler5-scaled.jpg');<\/script>\n<div class='img-container'><a href='https:\/\/reyesyes.com\/wp-content\/uploads\/2020\/12\/silke-winkler5-scaled.jpg'><img width=\"600\" height=\"375\" src=\"https:\/\/reyesyes.com\/wp-content\/uploads\/2020\/12\/silke-winkler5-600x375.jpg\" class=\"attachment-landscape-600x375 size-landscape-600x375\" alt=\"\" loading=\"lazy\" aria-describedby=\"gallery-2-691\" \/><\/a><\/div><figcaption class='wp-caption-text gallery-caption' id='gallery-2-691'><span class='gallery-caption-title'>&copy; Silke Winkler<\/span><\/figcaption><\/figure><figure class='gallery-item with-caption' title='&copy; Silke Winkler' style='background-image:url(https:\/\/reyesyes.com\/wp-content\/uploads\/2020\/12\/silke-winkler4-scaled.jpg);'><script>topreloadImagesUrls.push('https:\/\/reyesyes.com\/wp-content\/uploads\/2020\/12\/silke-winkler4-scaled.jpg');<\/script>\n<div class='img-container'><a href='https:\/\/reyesyes.com\/wp-content\/uploads\/2020\/12\/silke-winkler4-scaled.jpg'><img width=\"600\" height=\"375\" src=\"https:\/\/reyesyes.com\/wp-content\/uploads\/2020\/12\/silke-winkler4-600x375.jpg\" class=\"attachment-landscape-600x375 size-landscape-600x375\" alt=\"\" loading=\"lazy\" aria-describedby=\"gallery-2-690\" \/><\/a><\/div><figcaption class='wp-caption-text gallery-caption' id='gallery-2-690'><span class='gallery-caption-title'>&copy; Silke Winkler<\/span><\/figcaption><\/figure><figure class='gallery-item' style='background-image:url(https:\/\/reyesyes.com\/wp-content\/uploads\/2020\/12\/silke-winkler3-scaled.jpg);'><script>topreloadImagesUrls.push('https:\/\/reyesyes.com\/wp-content\/uploads\/2020\/12\/silke-winkler3-scaled.jpg');<\/script>\n<div class='img-container'><a href='https:\/\/reyesyes.com\/wp-content\/uploads\/2020\/12\/silke-winkler3-scaled.jpg'><img width=\"600\" height=\"375\" src=\"https:\/\/reyesyes.com\/wp-content\/uploads\/2020\/12\/silke-winkler3-600x375.jpg\" class=\"attachment-landscape-600x375 size-landscape-600x375\" alt=\"\" loading=\"lazy\" \/><\/a><\/div><figcaption class='wp-caption-text gallery-caption' id='gallery-2-689'><\/figcaption><\/figure><figure class='gallery-item with-caption' title='&copy; Silke Winkler' style='background-image:url(https:\/\/reyesyes.com\/wp-content\/uploads\/2020\/12\/silke-winkler2-scaled.jpg);'><script>topreloadImagesUrls.push('https:\/\/reyesyes.com\/wp-content\/uploads\/2020\/12\/silke-winkler2-scaled.jpg');<\/script>\n<div class='img-container'><a href='https:\/\/reyesyes.com\/wp-content\/uploads\/2020\/12\/silke-winkler2-scaled.jpg'><img width=\"600\" height=\"375\" src=\"https:\/\/reyesyes.com\/wp-content\/uploads\/2020\/12\/silke-winkler2-600x375.jpg\" class=\"attachment-landscape-600x375 size-landscape-600x375\" alt=\"\" loading=\"lazy\" aria-describedby=\"gallery-2-688\" \/><\/a><\/div><figcaption class='wp-caption-text gallery-caption' id='gallery-2-688'><span class='gallery-caption-title'>&copy; Silke Winkler<\/span><\/figcaption><\/figure><figure class='gallery-item with-caption' title='&copy; Silke Winkler' style='background-image:url(https:\/\/reyesyes.com\/wp-content\/uploads\/2020\/12\/silke-winkler1-scaled.jpg);'><script>topreloadImagesUrls.push('https:\/\/reyesyes.com\/wp-content\/uploads\/2020\/12\/silke-winkler1-scaled.jpg');<\/script>\n<div class='img-container'><a href='https:\/\/reyesyes.com\/wp-content\/uploads\/2020\/12\/silke-winkler1-scaled.jpg'><img width=\"600\" height=\"375\" src=\"https:\/\/reyesyes.com\/wp-content\/uploads\/2020\/12\/silke-winkler1-600x375.jpg\" class=\"attachment-landscape-600x375 size-landscape-600x375\" alt=\"\" loading=\"lazy\" aria-describedby=\"gallery-2-687\" \/><\/a><\/div><figcaption class='wp-caption-text gallery-caption' id='gallery-2-687'><span class='gallery-caption-title'>&copy; Silke Winkler<\/span><\/figcaption><\/figure><figure class='gallery-item with-caption' title='&copy; Mia' style='background-image:url(https:\/\/reyesyes.com\/wp-content\/uploads\/2020\/12\/mia2-scaled.jpg);'><script>topreloadImagesUrls.push('https:\/\/reyesyes.com\/wp-content\/uploads\/2020\/12\/mia2-scaled.jpg');<\/script>\n<div class='img-container'><a href='https:\/\/reyesyes.com\/wp-content\/uploads\/2020\/12\/mia2-scaled.jpg'><img width=\"600\" height=\"375\" src=\"https:\/\/reyesyes.com\/wp-content\/uploads\/2020\/12\/mia2-600x375.jpg\" class=\"attachment-landscape-600x375 size-landscape-600x375\" alt=\"\" loading=\"lazy\" aria-describedby=\"gallery-2-686\" \/><\/a><\/div><figcaption class='wp-caption-text gallery-caption' id='gallery-2-686'><span class='gallery-caption-title'>&copy; Mia<\/span><\/figcaption><\/figure><figure class='gallery-item with-caption' title='&copy; Mia' style='background-image:url(https:\/\/reyesyes.com\/wp-content\/uploads\/2020\/12\/mia.jpg);'><script>topreloadImagesUrls.push('https:\/\/reyesyes.com\/wp-content\/uploads\/2020\/12\/mia.jpg');<\/script>\n<div class='img-container'><a href='https:\/\/reyesyes.com\/wp-content\/uploads\/2020\/12\/mia.jpg'><img width=\"600\" height=\"375\" src=\"https:\/\/reyesyes.com\/wp-content\/uploads\/2020\/12\/mia-600x375.jpg\" class=\"attachment-landscape-600x375 size-landscape-600x375\" alt=\"\" loading=\"lazy\" aria-describedby=\"gallery-2-685\" \/><\/a><\/div><figcaption class='wp-caption-text gallery-caption' id='gallery-2-685'><span class='gallery-caption-title'>&copy; Mia<\/span><\/figcaption><\/figure><figure class='gallery-item' style='background-image:url(https:\/\/reyesyes.com\/wp-content\/uploads\/2020\/12\/AF5I8499-scaled.jpg);'><script>topreloadImagesUrls.push('https:\/\/reyesyes.com\/wp-content\/uploads\/2020\/12\/AF5I8499-scaled.jpg');<\/script>\n<div class='img-container'><a href='https:\/\/reyesyes.com\/wp-content\/uploads\/2020\/12\/AF5I8499-scaled.jpg'><img width=\"600\" height=\"375\" src=\"https:\/\/reyesyes.com\/wp-content\/uploads\/2020\/12\/AF5I8499-600x375.jpg\" class=\"attachment-landscape-600x375 size-landscape-600x375\" alt=\"\" loading=\"lazy\" \/><\/a><\/div><figcaption class='wp-caption-text gallery-caption' id='gallery-2-683'><\/figcaption><\/figure>\n\t\t<\/div><\/div>\n<\/p>\n<p><\/p>","protected":false},"excerpt":{"rendered":"<p>ESCENOGRAF\u00cdA:  MAR\u00cdA REYES P\u00c9REZ<\/p>\n<p>VESTUARIO:  RALF CHRISTMANN<\/p>\n<p>Estreno en  03. noviembre 2019<\/p>\n","protected":false},"author":2,"featured_media":687,"parent":7,"menu_order":14,"comment_status":"closed","ping_status":"closed","template":"single-project-page.php","meta":[],"_links":{"self":[{"href":"https:\/\/reyesyes.com\/es\/wp-json\/wp\/v2\/pages\/697"}],"collection":[{"href":"https:\/\/reyesyes.com\/es\/wp-json\/wp\/v2\/pages"}],"about":[{"href":"https:\/\/reyesyes.com\/es\/wp-json\/wp\/v2\/types\/page"}],"author":[{"embeddable":true,"href":"https:\/\/reyesyes.com\/es\/wp-json\/wp\/v2\/users\/2"}],"replies":[{"embeddable":true,"href":"https:\/\/reyesyes.com\/es\/wp-json\/wp\/v2\/comments?post=697"}],"version-history":[{"count":30,"href":"https:\/\/reyesyes.com\/es\/wp-json\/wp\/v2\/pages\/697\/revisions"}],"predecessor-version":[{"id":848,"href":"https:\/\/reyesyes.com\/es\/wp-json\/wp\/v2\/pages\/697\/revisions\/848"}],"up":[{"embeddable":true,"href":"https:\/\/reyesyes.com\/es\/wp-json\/wp\/v2\/pages\/7"}],"wp:featuredmedia":[{"embeddable":true,"href":"https:\/\/reyesyes.com\/es\/wp-json\/wp\/v2\/media\/687"}],"wp:attachment":[{"href":"https:\/\/reyesyes.com\/es\/wp-json\/wp\/v2\/media?parent=697"}],"curies":[{"name":"wp","href":"https:\/\/api.w.org\/{rel}","templated":true}]}}